{"id":183,"date":"2024-02-01T20:15:25","date_gmt":"2024-02-01T23:15:25","guid":{"rendered":"https:\/\/www.san.ind.br\/site\/?post_type=product&#038;p=183"},"modified":"2025-02-20T12:34:12","modified_gmt":"2025-02-20T15:34:12","slug":"bombas-serie-350","status":"publish","type":"product","link":"https:\/\/www.san.ind.br\/site\/product\/bombas-serie-350\/","title":{"rendered":"BOMBAS S\u00c9RIE 350"},"content":{"rendered":"<ul>\n<li>Deslocamento por rota\u00e7\u00e3o desde 32 cm\u00b3 at\u00e9 125 cm\u00b3 Press\u00e3o m\u00e1xima: 260 bar<\/li>\n<li>Bombas de engrenagens com corpo de ferro fundido de alta resist\u00eancia.<\/li>\n<li>Alto rendimento e elevadas press\u00f5es de trabalho para aplica\u00e7\u00f5es em servi\u00e7os severo.<\/li>\n<li>Tamanho compacto e baixo peso.<\/li>\n<li>Op\u00e7\u00e3o de bombas m\u00faltiplas e v\u00e1lvulas traseiras integradas para aplica\u00e7\u00f5es especiais.<\/li>\n<\/ul>\n","protected":false},"excerpt":{"rendered":"<p>Deslocamento por rota\u00e7\u00e3o desde 32 cm\u00b3 at\u00e9 125 cm\u00b3 Press\u00e3o m\u00e1xima: 260 bar Bombas de engrenagens com corpo de ferro fundido de alta resist\u00eancia. Alto rendimento e elevadas press\u00f5es de trabalho para aplica\u00e7\u00f5es em servi\u00e7os severo. Tamanho compacto e baixo peso. Op\u00e7\u00e3o de bombas m\u00faltiplas e v\u00e1lvulas traseiras integradas para aplica\u00e7\u00f5es especiais.<\/p>\n","protected":false},"featured_media":203,"comment_status":"closed","ping_status":"closed","template":"","meta":[],"product_brand":[],"product_cat":[16],"product_tag":[],"class_list":{"0":"post-183","1":"product","2":"type-product","3":"status-publish","4":"has-post-thumbnail","6":"product_cat-uncategorized","8":"first","9":"instock","10":"shipping-taxable","11":"product-type-simple"},"_links":{"self":[{"href":"https:\/\/www.san.ind.br\/site\/wp-json\/wp\/v2\/product\/183","targetHints":{"allow":["GET"]}}],"collection":[{"href":"https:\/\/www.san.ind.br\/site\/wp-json\/wp\/v2\/product"}],"about":[{"href":"https:\/\/www.san.ind.br\/site\/wp-json\/wp\/v2\/types\/product"}],"replies":[{"embeddable":true,"href":"https:\/\/www.san.ind.br\/site\/wp-json\/wp\/v2\/comments?post=183"}],"wp:featuredmedia":[{"embeddable":true,"href":"https:\/\/www.san.ind.br\/site\/wp-json\/wp\/v2\/media\/203"}],"wp:attachment":[{"href":"https:\/\/www.san.ind.br\/site\/wp-json\/wp\/v2\/media?parent=183"}],"wp:term":[{"taxonomy":"product_brand","embeddable":true,"href":"https:\/\/www.san.ind.br\/site\/wp-json\/wp\/v2\/product_brand?post=183"},{"taxonomy":"product_cat","embeddable":true,"href":"https:\/\/www.san.ind.br\/site\/wp-json\/wp\/v2\/product_cat?post=183"},{"taxonomy":"product_tag","embeddable":true,"href":"https:\/\/www.san.ind.br\/site\/wp-json\/wp\/v2\/product_tag?post=183"}],"curies":[{"name":"wp","href":"https:\/\/api.w.org\/{rel}","templated":true}]}}