{"id":181,"date":"2024-02-01T20:15:03","date_gmt":"2024-02-01T23:15:03","guid":{"rendered":"https:\/\/www.san.ind.br\/site\/?post_type=product&#038;p=181"},"modified":"2025-02-20T12:34:12","modified_gmt":"2025-02-20T15:34:12","slug":"multiplicadores-de-velocidade","status":"publish","type":"product","link":"https:\/\/www.san.ind.br\/site\/product\/multiplicadores-de-velocidade\/","title":{"rendered":"MULTIPLICADORES DE VELOCIDADE"},"content":{"rendered":"<ul>\n<li>Pot\u00eancia M\u00e1xima: 70CV<\/li>\n<li>Rela\u00e7\u00e3o de Multiplica\u00e7\u00e3o: 2.875:1<\/li>\n<li>Acoplamento de Sa\u00edda: Flange SAE B Eixo 13Z<\/li>\n<li>Acoplamento de Entrada: Engate R\u00e1pido (PTO do Trator) ou Eixo 6 Estrias Macho<\/li>\n<li>Corpo em Alum\u00ednio de alta resist\u00eancia<\/li>\n<li>Engrenagens de alta qualidade<\/li>\n<li>Baixo n\u00edvel de ru\u00eddo<\/li>\n<\/ul>\n","protected":false},"excerpt":{"rendered":"<p>Pot\u00eancia M\u00e1xima: 70CV Rela\u00e7\u00e3o de Multiplica\u00e7\u00e3o: 2.875:1 Acoplamento de Sa\u00edda: Flange SAE B Eixo 13Z Acoplamento de Entrada: Engate R\u00e1pido (PTO do Trator) ou Eixo 6 Estrias Macho Corpo em Alum\u00ednio de alta resist\u00eancia Engrenagens de alta qualidade Baixo n\u00edvel de ru\u00eddo<\/p>\n","protected":false},"featured_media":197,"comment_status":"closed","ping_status":"closed","template":"","meta":[],"product_brand":[],"product_cat":[16],"product_tag":[],"class_list":{"0":"post-181","1":"product","2":"type-product","3":"status-publish","4":"has-post-thumbnail","6":"product_cat-uncategorized","8":"first","9":"instock","10":"shipping-taxable","11":"product-type-simple"},"_links":{"self":[{"href":"https:\/\/www.san.ind.br\/site\/wp-json\/wp\/v2\/product\/181","targetHints":{"allow":["GET"]}}],"collection":[{"href":"https:\/\/www.san.ind.br\/site\/wp-json\/wp\/v2\/product"}],"about":[{"href":"https:\/\/www.san.ind.br\/site\/wp-json\/wp\/v2\/types\/product"}],"replies":[{"embeddable":true,"href":"https:\/\/www.san.ind.br\/site\/wp-json\/wp\/v2\/comments?post=181"}],"wp:featuredmedia":[{"embeddable":true,"href":"https:\/\/www.san.ind.br\/site\/wp-json\/wp\/v2\/media\/197"}],"wp:attachment":[{"href":"https:\/\/www.san.ind.br\/site\/wp-json\/wp\/v2\/media?parent=181"}],"wp:term":[{"taxonomy":"product_brand","embeddable":true,"href":"https:\/\/www.san.ind.br\/site\/wp-json\/wp\/v2\/product_brand?post=181"},{"taxonomy":"product_cat","embeddable":true,"href":"https:\/\/www.san.ind.br\/site\/wp-json\/wp\/v2\/product_cat?post=181"},{"taxonomy":"product_tag","embeddable":true,"href":"https:\/\/www.san.ind.br\/site\/wp-json\/wp\/v2\/product_tag?post=181"}],"curies":[{"name":"wp","href":"https:\/\/api.w.org\/{rel}","templated":true}]}}