{"id":179,"date":"2024-02-01T20:14:46","date_gmt":"2024-02-01T23:14:46","guid":{"rendered":"https:\/\/www.san.ind.br\/site\/?post_type=product&#038;p=179"},"modified":"2025-02-20T12:34:12","modified_gmt":"2025-02-20T15:34:12","slug":"motores-engrenagens","status":"publish","type":"product","link":"https:\/\/www.san.ind.br\/site\/product\/motores-engrenagens\/","title":{"rendered":"MOTORES ENGRENAGENS"},"content":{"rendered":"<ul>\n<li>Deslocamento por rota\u00e7\u00e3o desde 2,5 cm\u00b3 at\u00e9 22 cm\u00b3 Press\u00e3o m\u00e1xima: 260 bar<\/li>\n<li>Motores com corpo de alum\u00ednio extrusada de alta resist\u00eancia com flanges em ferro fundido de alta qualidade .<\/li>\n<li>Ampla possibilidade de combina\u00e7\u00e3o de eixos, flanges e p\u00f3rticos de acordo com as normas internacionais, que permitem seu uso em vastas aplica\u00e7\u00f5es.<\/li>\n<\/ul>\n","protected":false},"excerpt":{"rendered":"<p>Deslocamento por rota\u00e7\u00e3o desde 2,5 cm\u00b3 at\u00e9 22 cm\u00b3 Press\u00e3o m\u00e1xima: 260 bar Motores com corpo de alum\u00ednio extrusada de alta resist\u00eancia com flanges em ferro fundido de alta qualidade . Ampla possibilidade de combina\u00e7\u00e3o de eixos, flanges e p\u00f3rticos de acordo com as normas internacionais, que permitem seu uso em vastas aplica\u00e7\u00f5es.<\/p>\n","protected":false},"featured_media":201,"comment_status":"closed","ping_status":"closed","template":"","meta":[],"product_brand":[],"product_cat":[16],"product_tag":[],"class_list":{"0":"post-179","1":"product","2":"type-product","3":"status-publish","4":"has-post-thumbnail","6":"product_cat-uncategorized","8":"first","9":"instock","10":"shipping-taxable","11":"product-type-simple"},"_links":{"self":[{"href":"https:\/\/www.san.ind.br\/site\/wp-json\/wp\/v2\/product\/179","targetHints":{"allow":["GET"]}}],"collection":[{"href":"https:\/\/www.san.ind.br\/site\/wp-json\/wp\/v2\/product"}],"about":[{"href":"https:\/\/www.san.ind.br\/site\/wp-json\/wp\/v2\/types\/product"}],"replies":[{"embeddable":true,"href":"https:\/\/www.san.ind.br\/site\/wp-json\/wp\/v2\/comments?post=179"}],"wp:featuredmedia":[{"embeddable":true,"href":"https:\/\/www.san.ind.br\/site\/wp-json\/wp\/v2\/media\/201"}],"wp:attachment":[{"href":"https:\/\/www.san.ind.br\/site\/wp-json\/wp\/v2\/media?parent=179"}],"wp:term":[{"taxonomy":"product_brand","embeddable":true,"href":"https:\/\/www.san.ind.br\/site\/wp-json\/wp\/v2\/product_brand?post=179"},{"taxonomy":"product_cat","embeddable":true,"href":"https:\/\/www.san.ind.br\/site\/wp-json\/wp\/v2\/product_cat?post=179"},{"taxonomy":"product_tag","embeddable":true,"href":"https:\/\/www.san.ind.br\/site\/wp-json\/wp\/v2\/product_tag?post=179"}],"curies":[{"name":"wp","href":"https:\/\/api.w.org\/{rel}","templated":true}]}}