{"id":178,"date":"2024-02-01T20:14:38","date_gmt":"2024-02-01T23:14:38","guid":{"rendered":"https:\/\/www.san.ind.br\/site\/?post_type=product&#038;p=178"},"modified":"2025-02-20T12:34:12","modified_gmt":"2025-02-20T15:34:12","slug":"valvulas-hidraulicas","status":"publish","type":"product","link":"https:\/\/www.san.ind.br\/site\/product\/valvulas-hidraulicas\/","title":{"rendered":"V\u00c1LVULAS HIDR\u00c1ULICAS"},"content":{"rendered":"<ul>\n<li>V\u00e1lvulas industriais tipo TN6, TN10 e TN16<\/li>\n<li>V\u00e1lvulas de controle direcional,<\/li>\n<li>V\u00e1lvulas de controle proporcional,<\/li>\n<li>V\u00e1lvula de al\u00edvio de press\u00e3o,<\/li>\n<li>Controle de vaz\u00e3o,<\/li>\n<li>V\u00e1lvulas modulares,<\/li>\n<li>Vaz\u00e3o nominal at\u00e9 200L\/min<\/li>\n<li>Press\u00e3o at\u00e9 350Bar<\/li>\n<\/ul>\n","protected":false},"excerpt":{"rendered":"<p>V\u00e1lvulas industriais tipo TN6, TN10 e TN16 V\u00e1lvulas de controle direcional, V\u00e1lvulas de controle proporcional, V\u00e1lvula de al\u00edvio de press\u00e3o, Controle de vaz\u00e3o, V\u00e1lvulas modulares, Vaz\u00e3o nominal at\u00e9 200L\/min Press\u00e3o at\u00e9 350Bar<\/p>\n","protected":false},"featured_media":204,"comment_status":"closed","ping_status":"closed","template":"","meta":[],"product_brand":[],"product_cat":[16],"product_tag":[],"class_list":{"0":"post-178","1":"product","2":"type-product","3":"status-publish","4":"has-post-thumbnail","6":"product_cat-uncategorized","8":"first","9":"instock","10":"shipping-taxable","11":"product-type-simple"},"_links":{"self":[{"href":"https:\/\/www.san.ind.br\/site\/wp-json\/wp\/v2\/product\/178","targetHints":{"allow":["GET"]}}],"collection":[{"href":"https:\/\/www.san.ind.br\/site\/wp-json\/wp\/v2\/product"}],"about":[{"href":"https:\/\/www.san.ind.br\/site\/wp-json\/wp\/v2\/types\/product"}],"replies":[{"embeddable":true,"href":"https:\/\/www.san.ind.br\/site\/wp-json\/wp\/v2\/comments?post=178"}],"wp:featuredmedia":[{"embeddable":true,"href":"https:\/\/www.san.ind.br\/site\/wp-json\/wp\/v2\/media\/204"}],"wp:attachment":[{"href":"https:\/\/www.san.ind.br\/site\/wp-json\/wp\/v2\/media?parent=178"}],"wp:term":[{"taxonomy":"product_brand","embeddable":true,"href":"https:\/\/www.san.ind.br\/site\/wp-json\/wp\/v2\/product_brand?post=178"},{"taxonomy":"product_cat","embeddable":true,"href":"https:\/\/www.san.ind.br\/site\/wp-json\/wp\/v2\/product_cat?post=178"},{"taxonomy":"product_tag","embeddable":true,"href":"https:\/\/www.san.ind.br\/site\/wp-json\/wp\/v2\/product_tag?post=178"}],"curies":[{"name":"wp","href":"https:\/\/api.w.org\/{rel}","templated":true}]}}