{"id":177,"date":"2024-02-01T20:14:30","date_gmt":"2024-02-01T23:14:30","guid":{"rendered":"https:\/\/www.san.ind.br\/site\/?post_type=product&#038;p=177"},"modified":"2025-02-20T12:34:12","modified_gmt":"2025-02-20T15:34:12","slug":"divisor-de-fluxo-hidraulico","status":"publish","type":"product","link":"https:\/\/www.san.ind.br\/site\/product\/divisor-de-fluxo-hidraulico\/","title":{"rendered":"DIVISOR DE FLUXO HIDR\u00c1ULICO"},"content":{"rendered":"<ul>\n<li>Fluxo com deslocamento de 8 a 33 cm\u00b3, at\u00e9 8 sa\u00eddas e com dimensionamento personalizado de acordo com as necessidades do seu neg\u00f3cio.<\/li>\n<\/ul>\n","protected":false},"excerpt":{"rendered":"<p>Fluxo com deslocamento de 8 a 33 cm\u00b3, at\u00e9 8 sa\u00eddas e com dimensionamento personalizado de acordo com as necessidades do seu neg\u00f3cio.<\/p>\n","protected":false},"featured_media":200,"comment_status":"closed","ping_status":"closed","template":"","meta":[],"product_brand":[],"product_cat":[16],"product_tag":[],"class_list":{"0":"post-177","1":"product","2":"type-product","3":"status-publish","4":"has-post-thumbnail","6":"product_cat-uncategorized","8":"first","9":"instock","10":"shipping-taxable","11":"product-type-simple"},"_links":{"self":[{"href":"https:\/\/www.san.ind.br\/site\/wp-json\/wp\/v2\/product\/177","targetHints":{"allow":["GET"]}}],"collection":[{"href":"https:\/\/www.san.ind.br\/site\/wp-json\/wp\/v2\/product"}],"about":[{"href":"https:\/\/www.san.ind.br\/site\/wp-json\/wp\/v2\/types\/product"}],"replies":[{"embeddable":true,"href":"https:\/\/www.san.ind.br\/site\/wp-json\/wp\/v2\/comments?post=177"}],"wp:featuredmedia":[{"embeddable":true,"href":"https:\/\/www.san.ind.br\/site\/wp-json\/wp\/v2\/media\/200"}],"wp:attachment":[{"href":"https:\/\/www.san.ind.br\/site\/wp-json\/wp\/v2\/media?parent=177"}],"wp:term":[{"taxonomy":"product_brand","embeddable":true,"href":"https:\/\/www.san.ind.br\/site\/wp-json\/wp\/v2\/product_brand?post=177"},{"taxonomy":"product_cat","embeddable":true,"href":"https:\/\/www.san.ind.br\/site\/wp-json\/wp\/v2\/product_cat?post=177"},{"taxonomy":"product_tag","embeddable":true,"href":"https:\/\/www.san.ind.br\/site\/wp-json\/wp\/v2\/product_tag?post=177"}],"curies":[{"name":"wp","href":"https:\/\/api.w.org\/{rel}","templated":true}]}}