{"id":12,"date":"2023-10-12T23:19:53","date_gmt":"2023-10-12T23:19:53","guid":{"rendered":"https:\/\/www.san.ind.br\/site\/?page_id=12"},"modified":"2023-10-27T23:00:54","modified_gmt":"2023-10-28T02:00:54","slug":"catalogo-de-produtos","status":"publish","type":"page","link":"https:\/\/www.san.ind.br\/site\/catalogo-de-produtos\/","title":{"rendered":"Cat\u00e1logos"},"content":{"rendered":"<p><img decoding=\"async\" class=\"wp-image-86 aligncenter\" src=\"https:\/\/www.san.ind.br\/site\/wp-content\/uploads\/2023\/10\/s.png\" alt=\"\" width=\"227\" height=\"90\"  loading=\"lazy\" \/><\/p>\n<ul style=\"text-align: center;\">\n<li style=\"text-align: left;\"><a href=\"https:\/\/www.san.ind.br\/site\/wp-content\/uploads\/2023\/10\/SAN-BOMBAS-E-MOTORES.pdf\" target=\"_blank\" rel=\"noopener\"><strong>SAN BOMBAS E MOTORES<\/strong><\/a><\/li>\n<li style=\"text-align: left;\"><a href=\"https:\/\/www.san.ind.br\/site\/wp-content\/uploads\/2023\/10\/Produtos-SAN-BOMBAS-E-MOTORES.pdf\" target=\"_blank\" rel=\"noopener\"><strong>Produtos SAN BOMBAS E MOTORES<\/strong><\/a><\/li>\n<li style=\"text-align: left;\"><a href=\"https:\/\/www.san.ind.br\/site\/wp-content\/uploads\/2023\/10\/Bombas-de-Engrenagens.pdf\" target=\"_blank\" rel=\"noopener\">Bombas de Engrenagens<\/a><\/li>\n<li style=\"text-align: left;\"><a href=\"https:\/\/www.san.ind.br\/site\/wp-content\/uploads\/2023\/10\/Motor-Hidr\u00e1ulico-Gerotor-e-Dire\u00e7\u00e3o-Hidrost\u00e1tica.pdf\" target=\"_blank\" rel=\"noopener\">Motor Hidr\u00e1ulico Gerotor e Dire\u00e7\u00e3o Hidrost\u00e1tica<\/a><\/li>\n<li style=\"text-align: left;\"><a href=\"https:\/\/www.san.ind.br\/site\/wp-content\/uploads\/2023\/10\/Motores-Hidr\u00e1ulicos-de-Engrenagens.pdf\" target=\"_blank\" rel=\"noopener\">Motores Hidr\u00e1ulicos de Engrenagens<\/a><\/li>\n<li style=\"text-align: left;\"><a href=\"https:\/\/www.san.ind.br\/site\/wp-content\/uploads\/2023\/10\/ND170-Bombas-de-Engrenagens-em-alum\u00ednio-de-alta-press\u00e3o-para-linha-industrial.pdf\" target=\"_blank\" rel=\"noopener\">ND170 &#8211; Bombas de Engrenagens em alum\u00ednio de alta press\u00e3o para linha industrial<\/a><\/li>\n<li style=\"text-align: left;\"><a href=\"https:\/\/www.san.ind.br\/site\/wp-content\/uploads\/2023\/10\/ND200-ND300-Bombas-de-Engrenagens-para-caminh\u00f5es-ca\u00e7amba-e-tomadas-de-for\u00e7a-rodovi\u00e1rias.pdf\" target=\"_blank\" rel=\"noopener\">ND200 ND300 &#8211; Bombas de Engrenagens para caminh\u00f5es ca\u00e7amba e tomadas de for\u00e7a rodovi\u00e1rias<\/a><\/li>\n<li style=\"text-align: left;\"><a href=\"https:\/\/www.san.ind.br\/site\/wp-content\/uploads\/2023\/10\/ND350-Bombas-de-Engrenagens-de-super-alta-press\u00e3o-para-linha-rodovi\u00e1ria-guindastes-e-plataformas.pdf\" target=\"_blank\" rel=\"noopener\">ND350 &#8211; Bombas de Engrenagens de super alta press\u00e3o para linha rodovi\u00e1ria, guindastes e plataformas<\/a><\/li>\n<li style=\"text-align: left;\"><a href=\"https:\/\/www.san.ind.br\/site\/wp-content\/uploads\/2023\/10\/ND351-Bombas-de-Engrenagens-para-tomadas-de-for\u00e7a-Agr\u00edcola-TPO.pdf\" target=\"_blank\" rel=\"noopener\">ND351 &#8211; Bombas de Engrenagens para tomadas de for\u00e7a Agr\u00edcola TPO<\/a><\/li>\n<li style=\"text-align: left;\"><a href=\"https:\/\/www.san.ind.br\/site\/wp-content\/uploads\/2023\/10\/ND400-Bombas-de-Pist\u00f5es-de-super-alta-press\u00e3o-para-linha-rodovi\u00e1ria-guindastes-e-plataformas.pdf\" target=\"_blank\" rel=\"noopener\">ND400 &#8211; Bombas de Pist\u00f5es de super alta press\u00e3o para linha rodovi\u00e1ria, guindastes e plataformas<\/a><\/li>\n<li style=\"text-align: left;\"><a href=\"https:\/\/www.san.ind.br\/site\/wp-content\/uploads\/2023\/10\/Transmiss\u00f5es-Hidrost\u00e1ticas-Motores-de-Roda.pdf\" target=\"_blank\" rel=\"noopener\">Transmiss\u00f5es Hidrost\u00e1ticas Motores de Roda<\/a><\/li>\n<\/ul>\n<p style=\"text-align: center;\"><img decoding=\"async\" class=\" wp-image-74 aligncenter\" src=\"https:\/\/www.san.ind.br\/site\/wp-content\/uploads\/2023\/10\/ln.png\" alt=\"\" width=\"234\" height=\"93\"  loading=\"lazy\" \/><\/p>\n<ul style=\"text-align: center;\">\n<li style=\"text-align: left;\"><a href=\"https:\/\/www.san.ind.br\/site\/wp-content\/uploads\/2023\/10\/NARDI-SERVI\u00c7OS-E-EQUIPAMENTOS-\u00d3LEO-HIDR\u00c1ULICOS.pdf\" target=\"_blank\" rel=\"noopener\"><strong>NARDI SERVI\u00c7OS E EQUIPAMENTOS \u00d3LEO HIDR\u00c1ULICOS<\/strong><\/a><\/li>\n<\/ul>\n<p style=\"text-align: center;\"><img decoding=\"async\" class=\" wp-image-60 aligncenter\" src=\"https:\/\/www.san.ind.br\/site\/wp-content\/uploads\/2023\/10\/r-300x122.gif\" alt=\"\" width=\"202\" height=\"82\"  loading=\"lazy\" \/><\/p>\n<ul style=\"text-align: center;\">\n<li style=\"text-align: left;\"><a href=\"https:\/\/www.san.ind.br\/site\/wp-content\/uploads\/2023\/10\/Bombas-Agr\u00edcolas-BOSCH.pdf\" target=\"_blank\" rel=\"noopener\"><strong>Bombas Agr\u00edcolas BOSCH<\/strong><\/a><\/li>\n<li style=\"text-align: left;\"><a href=\"https:\/\/www.san.ind.br\/site\/wp-content\/uploads\/2023\/10\/Motores-MCR10-BOSCH.pdf\" target=\"_blank\" rel=\"noopener\"><strong>Motores MCR10\u00a0<\/strong><strong>BOSCH<\/strong><\/a><\/li>\n<\/ul>\n<h1 style=\"text-align: center;\"><\/h1>\n<h1 style=\"text-align: center;\"><\/h1>\n","protected":false},"excerpt":{"rendered":"<p>SAN BOMBAS E MOTORES Produtos SAN BOMBAS E MOTORES Bombas de Engrenagens Motor Hidr\u00e1ulico Gerotor e Dire\u00e7\u00e3o Hidrost\u00e1tica Motores Hidr\u00e1ulicos de Engrenagens ND170 &#8211; Bombas de Engrenagens em alum\u00ednio de alta press\u00e3o para linha industrial ND200 ND300 &#8211; Bombas de Engrenagens para caminh\u00f5es ca\u00e7amba e tomadas de for\u00e7a rodovi\u00e1rias ND350 &#8211; Bombas de Engrenagens de [&hellip;]<\/p>\n","protected":false},"author":1,"featured_media":0,"parent":0,"menu_order":0,"comment_status":"closed","ping_status":"closed","template":"template-catalogos.php","meta":{"footnotes":""},"class_list":["post-12","page","type-page","status-publish","hentry"],"_links":{"self":[{"href":"https:\/\/www.san.ind.br\/site\/wp-json\/wp\/v2\/pages\/12","targetHints":{"allow":["GET"]}}],"collection":[{"href":"https:\/\/www.san.ind.br\/site\/wp-json\/wp\/v2\/pages"}],"about":[{"href":"https:\/\/www.san.ind.br\/site\/wp-json\/wp\/v2\/types\/page"}],"author":[{"embeddable":true,"href":"https:\/\/www.san.ind.br\/site\/wp-json\/wp\/v2\/users\/1"}],"replies":[{"embeddable":true,"href":"https:\/\/www.san.ind.br\/site\/wp-json\/wp\/v2\/comments?post=12"}],"version-history":[{"count":26,"href":"https:\/\/www.san.ind.br\/site\/wp-json\/wp\/v2\/pages\/12\/revisions"}],"predecessor-version":[{"id":143,"href":"https:\/\/www.san.ind.br\/site\/wp-json\/wp\/v2\/pages\/12\/revisions\/143"}],"wp:attachment":[{"href":"https:\/\/www.san.ind.br\/site\/wp-json\/wp\/v2\/media?parent=12"}],"curies":[{"name":"wp","href":"https:\/\/api.w.org\/{rel}","templated":true}]}}