{"id":10,"date":"2023-10-12T23:19:53","date_gmt":"2023-10-12T23:19:53","guid":{"rendered":"https:\/\/www.san.ind.br\/site\/?page_id=10"},"modified":"2025-02-26T16:52:43","modified_gmt":"2025-02-26T19:52:43","slug":"sobre-a-san","status":"publish","type":"page","link":"https:\/\/www.san.ind.br\/site\/sobre-a-san\/","title":{"rendered":"Sobre a SAN"},"content":{"rendered":"<p>A SAN Bombas e Motores \u00d3leo-Hidr\u00e1ulicos \u00e9 uma renomada fabricante de componentes para sistemas hidr\u00e1ulicos, especializada na produ\u00e7\u00e3o de bombas e motores hidr\u00e1ulicos. Localizada na regi\u00e3o norte do estado do Rio Grande do Sul, Brasil, nossa empresa possui uma instala\u00e7\u00e3o de \u00faltima gera\u00e7\u00e3o, que constantemente investe em novas tecnologias e processos de fabrica\u00e7\u00e3o. Nosso compromisso central \u00e9 desenvolver produtos de excel\u00eancia e qualidade para atender \u00e0s necessidades dos nossos clientes.<\/p>\n<p>H\u00e1 mais de uma d\u00e9cada, estamos no mercado de componentes hidr\u00e1ulicos, atendendo os segmentos agr\u00edcola, rodovi\u00e1rio e industrial. Nossa miss\u00e3o \u00e9 garantir a satisfa\u00e7\u00e3o dos clientes, proporcionando produtos de alto padr\u00e3o em termos de qualidade e durabilidade.<\/p>\n<div style=\"width: 1920px;\" class=\"wp-video\"><!--[if lt IE 9]><script>document.createElement('video');<\/script><![endif]-->\n<video class=\"wp-video-shortcode\" id=\"video-10-1\" width=\"1920\" height=\"1080\" preload=\"metadata\" controls=\"controls\"><source type=\"video\/mp4\" src=\"https:\/\/www.san.ind.br\/site\/wp-content\/uploads\/2025\/02\/completo.mp4?_=1\" \/><a href=\"https:\/\/www.san.ind.br\/site\/wp-content\/uploads\/2025\/02\/completo.mp4\">https:\/\/www.san.ind.br\/site\/wp-content\/uploads\/2025\/02\/completo.mp4<\/a><\/video><\/div>\n<p style=\"text-align: center;\">Principais Segmentos de Atua\u00e7\u00e3o:<br \/>\n&#8211; Agr\u00edcola<br \/>\n&#8211; Mobilidade<br \/>\n&#8211; Industrial<br \/>\n&#8211; Transmiss\u00e3o<\/p>\n<p><img decoding=\"async\" class=\"aligncenter wp-image-45 size-large\" src=\"https:\/\/www.san.ind.br\/site\/wp-content\/uploads\/2023\/10\/aerea-empresa1-scaled-1024x576.jpg\" alt=\"\" width=\"1024\" height=\"576\"  loading=\"lazy\" srcset=\"https:\/\/www.san.ind.br\/site\/wp-content\/uploads\/2023\/10\/aerea-empresa1-scaled-1024x576.jpg 1024w, https:\/\/www.san.ind.br\/site\/wp-content\/uploads\/2023\/10\/aerea-empresa1-scaled-300x169.jpg 300w, https:\/\/www.san.ind.br\/site\/wp-content\/uploads\/2023\/10\/aerea-empresa1-scaled-768x432.jpg 768w, https:\/\/www.san.ind.br\/site\/wp-content\/uploads\/2023\/10\/aerea-empresa1-scaled.jpg 2048w\" sizes=\"auto, (max-width: 1024px) 100vw, 1024px\" \/><\/p>\n<p>&nbsp;<\/p>\n<h1 style=\"text-align: center;\">In\u00edcio das Atividades (1984)<\/h1>\n<p style=\"text-align: center;\"><img decoding=\"async\" class=\"aligncenter wp-image-30 size-full\" src=\"https:\/\/www.san.ind.br\/site\/wp-content\/uploads\/2023\/10\/1984.jpg\" alt=\"\" width=\"505\" height=\"390\"  loading=\"lazy\" srcset=\"https:\/\/www.san.ind.br\/site\/wp-content\/uploads\/2023\/10\/1984.jpg 505w, https:\/\/www.san.ind.br\/site\/wp-content\/uploads\/2023\/10\/1984-300x232.jpg 300w\" sizes=\"auto, (max-width: 505px) 100vw, 505px\" \/><\/p>\n<p style=\"text-align: center;\">O Sr. Silvio Antonio Nardi fundou a Mec\u00e2nica Nardi Ltda, cuja principal atividade inicial era a recupera\u00e7\u00e3o de m\u00e1quinas agr\u00edcolas.<\/p>\n<p>&nbsp;<\/p>\n<h1 style=\"text-align: center;\">Especializa\u00e7\u00e3o em Hidr\u00e1ulica (1994)<\/h1>\n<p><img decoding=\"async\" class=\"aligncenter wp-image-36 size-full\" src=\"https:\/\/www.san.ind.br\/site\/wp-content\/uploads\/2023\/10\/1994-1.jpg\" alt=\"\" width=\"505\" height=\"390\"  loading=\"lazy\" srcset=\"https:\/\/www.san.ind.br\/site\/wp-content\/uploads\/2023\/10\/1994-1.jpg 505w, https:\/\/www.san.ind.br\/site\/wp-content\/uploads\/2023\/10\/1994-1-300x232.jpg 300w\" sizes=\"auto, (max-width: 505px) 100vw, 505px\" \/><\/p>\n<p style=\"text-align: center;\">\u00c0 medida que o tempo passava, o mercado passou a demandar servi\u00e7os cada vez mais especializados. Assim, a Mec\u00e2nica Nardi Ltda iniciou seu processo de atualiza\u00e7\u00e3o e aperfei\u00e7oamento, focando em bombas, comandos e cilindros hidr\u00e1ulicos. A empresa passou a oferecer servi\u00e7os de recupera\u00e7\u00e3o e revenda desses produtos para atender a uma demanda crescente em m\u00e1quinas que utilizam sistemas hidr\u00e1ulicos.<\/p>\n<p>&nbsp;<\/p>\n<h1 style=\"text-align: center;\">Crescimento e Diversifica\u00e7\u00e3o (2004)<\/h1>\n<p><img decoding=\"async\" class=\"aligncenter wp-image-38 size-full\" src=\"https:\/\/www.san.ind.br\/site\/wp-content\/uploads\/2023\/10\/2004.jpg\" alt=\"\" width=\"505\" height=\"390\"  loading=\"lazy\" srcset=\"https:\/\/www.san.ind.br\/site\/wp-content\/uploads\/2023\/10\/2004.jpg 505w, https:\/\/www.san.ind.br\/site\/wp-content\/uploads\/2023\/10\/2004-300x232.jpg 300w\" sizes=\"auto, (max-width: 505px) 100vw, 505px\" \/><\/p>\n<p style=\"text-align: center;\">Com o apoio de sua fam\u00edlia, o Sr. Silvio Antonio Nardi continuou a investir no desenvolvimento da empresa, consolidando sua posi\u00e7\u00e3o como refer\u00eancia em equipamentos hidr\u00e1ulicos no Rio Grande do Sul. Em resposta \u00e0 demanda em constante crescimento, foi criada a divis\u00e3o SAN Bombas e Motores \u00d3leo-Hidr\u00e1ulicos, com uma equipe de engenheiros especializados dedicados ao projeto e produ\u00e7\u00e3o de bombas, cilindros e unidades hidr\u00e1ulicas para uma ampla variedade de aplica\u00e7\u00f5es.<\/p>\n<p>&nbsp;<\/p>\n<p><img decoding=\"async\" class=\"aligncenter wp-image-42 \" src=\"https:\/\/www.san.ind.br\/site\/wp-content\/uploads\/2023\/10\/familia-1024x613.jpeg\" alt=\"\" width=\"874\" height=\"523\"  loading=\"lazy\" srcset=\"https:\/\/www.san.ind.br\/site\/wp-content\/uploads\/2023\/10\/familia.jpeg 1024w, https:\/\/www.san.ind.br\/site\/wp-content\/uploads\/2023\/10\/familia-300x180.jpeg 300w, https:\/\/www.san.ind.br\/site\/wp-content\/uploads\/2023\/10\/familia-768x460.jpeg 768w\" sizes=\"auto, (max-width: 874px) 100vw, 874px\" \/><\/p>\n<p style=\"text-align: center;\">Ao longo desse percurso, a fam\u00edlia Nardi desempenhou um papel crucial no crescimento e<br \/>\ndiversifica\u00e7\u00e3o da empresa, transformando-a em uma refer\u00eancia nos setores \u00f3leo-hidr\u00e1ulicos.<\/p>\n<p>&nbsp;<\/p>\n<h2 style=\"text-align: center;\">Nossa Miss\u00e3o<\/h2>\n<p style=\"text-align: center;\">Nosso prop\u00f3sito \u00e9 oferecer solu\u00e7\u00f5es abrangentes para sistemas hidr\u00e1ulicos, englobando a produ\u00e7\u00e3o, reparo e revenda de produtos destinados a equipamentos agr\u00edcolas, rodovi\u00e1rios e industriais. Buscamos, por meio dessas a\u00e7\u00f5es, desempenhar um papel essencial no fortalecimento e desenvolvimento desses setores em n\u00edvel nacional.<\/p>\n<h2 style=\"text-align: center;\">Nossa Vis\u00e3o<\/h2>\n<p style=\"text-align: center;\">Almejamos posicionar-nos como uma das maiores e mais rentaveis empresas no setor de sistemas hidr\u00e1ulicos do Sul do Brasil, destacando-nos por nossa excel\u00eancia e lideran\u00e7a nessa regi\u00e3o, ao oferecer solu\u00e7\u00f5es de qualidade e inova\u00e7\u00e3o para atender \u00e0s necessidades de nossos clientes e parceiros.<\/p>\n<h2 style=\"text-align: center;\">Nossos Valores<\/h2>\n<p style=\"text-align: center;\">Comprometimento<br \/>\nGarantia de Resultados<br \/>\nProfissionalismo<br \/>\nValoriza\u00e7\u00e3o das Pessoas<\/p>\n","protected":false},"excerpt":{"rendered":"<p>A SAN Bombas e Motores \u00d3leo-Hidr\u00e1ulicos \u00e9 uma renomada fabricante de componentes para sistemas hidr\u00e1ulicos, especializada na produ\u00e7\u00e3o de bombas e motores hidr\u00e1ulicos. Localizada na regi\u00e3o norte do estado do Rio Grande do Sul, Brasil, nossa empresa possui uma instala\u00e7\u00e3o de \u00faltima gera\u00e7\u00e3o, que constantemente investe em novas tecnologias e processos de fabrica\u00e7\u00e3o. Nosso compromisso [&hellip;]<\/p>\n","protected":false},"author":1,"featured_media":0,"parent":0,"menu_order":0,"comment_status":"closed","ping_status":"closed","template":"template-san.php","meta":{"footnotes":""},"class_list":["post-10","page","type-page","status-publish","hentry"],"_links":{"self":[{"href":"https:\/\/www.san.ind.br\/site\/wp-json\/wp\/v2\/pages\/10","targetHints":{"allow":["GET"]}}],"collection":[{"href":"https:\/\/www.san.ind.br\/site\/wp-json\/wp\/v2\/pages"}],"about":[{"href":"https:\/\/www.san.ind.br\/site\/wp-json\/wp\/v2\/types\/page"}],"author":[{"embeddable":true,"href":"https:\/\/www.san.ind.br\/site\/wp-json\/wp\/v2\/users\/1"}],"replies":[{"embeddable":true,"href":"https:\/\/www.san.ind.br\/site\/wp-json\/wp\/v2\/comments?post=10"}],"version-history":[{"count":20,"href":"https:\/\/www.san.ind.br\/site\/wp-json\/wp\/v2\/pages\/10\/revisions"}],"predecessor-version":[{"id":223,"href":"https:\/\/www.san.ind.br\/site\/wp-json\/wp\/v2\/pages\/10\/revisions\/223"}],"wp:attachment":[{"href":"https:\/\/www.san.ind.br\/site\/wp-json\/wp\/v2\/media?parent=10"}],"curies":[{"name":"wp","href":"https:\/\/api.w.org\/{rel}","templated":true}]}}